{"id":83,"date":"2024-01-27T15:50:10","date_gmt":"2024-01-27T12:50:10","guid":{"rendered":"https:\/\/www.dinamikfrekans.com\/?page_id=83"},"modified":"2024-01-27T16:59:41","modified_gmt":"2024-01-27T13:59:41","slug":"ekibimiz","status":"publish","type":"page","link":"https:\/\/www.dinamikfrekans.com\/en\/ekibimiz\/","title":{"rendered":"Our Team"},"content":{"rendered":"<figure class=\"wp-block-image size-large\"><img fetchpriority=\"high\" decoding=\"async\" width=\"1024\" height=\"576\" class=\"wp-image-75\" src=\"https:\/\/www.dinamikfrekans.com\/wp-content\/uploads\/2024\/01\/2-2-edited-1024x576.jpg\" alt=\"\" srcset=\"https:\/\/www.dinamikfrekans.com\/wp-content\/uploads\/2024\/01\/2-2-edited-1024x576.jpg 1024w, https:\/\/www.dinamikfrekans.com\/wp-content\/uploads\/2024\/01\/2-2-edited-300x169.jpg 300w, https:\/\/www.dinamikfrekans.com\/wp-content\/uploads\/2024\/01\/2-2-edited-768x432.jpg 768w, https:\/\/www.dinamikfrekans.com\/wp-content\/uploads\/2024\/01\/2-2-edited-1536x864.jpg 1536w, https:\/\/www.dinamikfrekans.com\/wp-content\/uploads\/2024\/01\/2-2-edited-2048x1152.jpg 2048w\" sizes=\"(max-width: 1024px) 100vw, 1024px\" \/><\/figure>\r\n\r\n\r\n\r\n<div class=\"wp-block-columns is-layout-flex wp-container-core-columns-is-layout-28f84493 wp-block-columns-is-layout-flex\">\r\n<div class=\"wp-block-column is-layout-flow wp-block-column-is-layout-flow\">\r\n<div class=\"wp-block-columns is-layout-flex wp-container-core-columns-is-layout-28f84493 wp-block-columns-is-layout-flex\">\r\n<div class=\"wp-block-column is-layout-flow wp-block-column-is-layout-flow\" style=\"flex-basis: 33.33%;\">\r\n<figure class=\"wp-block-image size-full\"><img decoding=\"async\" width=\"920\" height=\"566\" class=\"wp-image-80\" src=\"https:\/\/www.dinamikfrekans.com\/wp-content\/uploads\/2024\/01\/png-transparent-computer-icons-others-human-body-symbol-person-8.png\" alt=\"\" srcset=\"https:\/\/www.dinamikfrekans.com\/wp-content\/uploads\/2024\/01\/png-transparent-computer-icons-others-human-body-symbol-person-8.png 920w, https:\/\/www.dinamikfrekans.com\/wp-content\/uploads\/2024\/01\/png-transparent-computer-icons-others-human-body-symbol-person-8-300x185.png 300w, https:\/\/www.dinamikfrekans.com\/wp-content\/uploads\/2024\/01\/png-transparent-computer-icons-others-human-body-symbol-person-8-768x472.png 768w\" sizes=\"(max-width: 920px) 100vw, 920px\" \/><\/figure>\r\n<\/div>\r\n\r\n\r\n\r\n<div class=\"wp-block-column is-layout-flow wp-block-column-is-layout-flow\" style=\"flex-basis: 66.66%;\">\r\n<h3 class=\"wp-block-heading has-text-align-center\">Clinical Psychologist <br \/>\u0130LHAN AKDUMAN<\/h3>\r\n\r\n\r\n\r\n<p>\u0130lhan Akduman, Psikoloji lisans e\u011fitimini Ko\u00e7 \u00dcniversitesi\u2019nde tamamlam\u0131\u015ft\u0131r. Uzmanl\u0131\u011f\u0131n\u0131 Geli\u015fim \u00dcniversitesi Klinik Psikoloji Y\u00fcksek Lisans Program\u0131\u2019nda \u201cObez Bireylerde Problemli Yeme Davran\u0131\u015flar\u0131 ve \u00c7ocukluk \u00c7a\u011f\u0131 Travmalar\u0131 \u0130li\u015fkisinin \u0130ncelenmesi\u201d adl\u0131 tezini sunarak alm\u0131\u015ft\u0131r. \u015eu anda Klinik Psikoloji doktoras\u0131na devam etmektedir. \u00c7al\u0131\u015fmalar\u0131n\u0131 yeti\u015fkin ve ergenlik d\u00f6nemindeki bireylerle Psikodinamik Psikoterapi y\u00f6nelimi ile s\u00fcrd\u00fcrmektedir. Psikoterapi s\u00fcrecinde m\u00fczik terapi, grup psikoterapileri, somatik \u00e7al\u0131\u015fmalar, oyunla\u015ft\u0131rma ve psikodrama ile zenginle\u015ftirilmi\u015f y\u00f6ntemler uygulamaktad\u0131r.<\/p>\r\n<\/div>\r\n<\/div>\r\n<\/div>\r\n<\/div>\r\n\r\n\r\n\r\n<div class=\"wp-block-columns is-layout-flex wp-container-core-columns-is-layout-28f84493 wp-block-columns-is-layout-flex\">\r\n<div class=\"wp-block-column is-layout-flow wp-block-column-is-layout-flow\" style=\"flex-basis: 33.33%;\">\r\n<figure class=\"wp-block-image size-full\"><img decoding=\"async\" width=\"920\" height=\"566\" class=\"wp-image-80\" src=\"https:\/\/www.dinamikfrekans.com\/wp-content\/uploads\/2024\/01\/png-transparent-computer-icons-others-human-body-symbol-person-8.png\" alt=\"\" srcset=\"https:\/\/www.dinamikfrekans.com\/wp-content\/uploads\/2024\/01\/png-transparent-computer-icons-others-human-body-symbol-person-8.png 920w, https:\/\/www.dinamikfrekans.com\/wp-content\/uploads\/2024\/01\/png-transparent-computer-icons-others-human-body-symbol-person-8-300x185.png 300w, https:\/\/www.dinamikfrekans.com\/wp-content\/uploads\/2024\/01\/png-transparent-computer-icons-others-human-body-symbol-person-8-768x472.png 768w\" sizes=\"(max-width: 920px) 100vw, 920px\" \/><\/figure>\r\n<\/div>\r\n\r\n\r\n\r\n<div class=\"wp-block-column is-layout-flow wp-block-column-is-layout-flow\" style=\"flex-basis: 66.66%;\">\r\n<h3 class=\"wp-block-heading has-text-align-center\">PS\u0130KOLOG EDA NUR GEZER<\/h3>\r\n\r\n\r\n\r\n<p>Eda Nur Gezer completed his undergraduate degree in Psychology at Istanbul K\u00fclt\u00fcr University. After graduation, she received training in both child and adult fields. She continues her Master's degree in Clinical Psychology at Istinye University. She works with children with the Child-Centered Play Therapy approach and with adults with the Psychodynamic Psychotherapy approach. She continues to receive supervision support and attend various training sessions to contribute to his professional development.<\/p>\r\n<\/div>\r\n<\/div>\r\n\r\n\r\n\r\n<div class=\"wp-block-columns is-layout-flex wp-container-core-columns-is-layout-28f84493 wp-block-columns-is-layout-flex\">\r\n<div class=\"wp-block-column is-layout-flow wp-block-column-is-layout-flow\" style=\"flex-basis: 33.33%;\">\r\n<figure class=\"wp-block-image size-full\"><img decoding=\"async\" width=\"920\" height=\"566\" class=\"wp-image-80\" src=\"https:\/\/www.dinamikfrekans.com\/wp-content\/uploads\/2024\/01\/png-transparent-computer-icons-others-human-body-symbol-person-8.png\" alt=\"\" srcset=\"https:\/\/www.dinamikfrekans.com\/wp-content\/uploads\/2024\/01\/png-transparent-computer-icons-others-human-body-symbol-person-8.png 920w, https:\/\/www.dinamikfrekans.com\/wp-content\/uploads\/2024\/01\/png-transparent-computer-icons-others-human-body-symbol-person-8-300x185.png 300w, https:\/\/www.dinamikfrekans.com\/wp-content\/uploads\/2024\/01\/png-transparent-computer-icons-others-human-body-symbol-person-8-768x472.png 768w\" sizes=\"(max-width: 920px) 100vw, 920px\" \/><\/figure>\r\n<\/div>\r\n\r\n\r\n\r\n<div class=\"wp-block-column is-layout-flow wp-block-column-is-layout-flow\" style=\"flex-basis: 66.66%;\">\r\n<h3 class=\"wp-block-heading has-text-align-center\">PS\u0130KOLOG AY\u015eE KORKMAZ<\/h3>\r\n\r\n\r\n\r\n<p>Psikoloji lisans e\u011fitimini Marmara \u00dcniversitesi\u2019nde tamamlam\u0131\u015ft\u0131r. Lisans mezuniyeti sonras\u0131nda \u00e7ocuk ve yeti\u015fkin alanlar\u0131nda e\u011fitimler alm\u0131\u015ft\u0131r. Hali haz\u0131rda \u00e7al\u0131\u015fmalar\u0131n\u0131 \u00e7ocuklarla \u00c7ocuk Merkezli Oyun Terapisi ile s\u00fcrd\u00fcrmektedir. Mesleki geli\u015fimine katk\u0131 sa\u011flamak ad\u0131na s\u00fcpervizyon deste\u011fi almaya ve \u00e7e\u015fitli e\u011fitimlere kat\u0131lmaya devam etmektedir.<\/p>\r\n<\/div>\r\n<\/div>","protected":false},"excerpt":{"rendered":"<p>UZM. KL\u0130N\u0130K PS\u0130KOLOG \u0130LHAN AKDUMAN \u0130lhan Akduman, Psikoloji lisans e\u011fitimini Ko\u00e7 \u00dcniversitesi\u2019nde tamamlam\u0131\u015ft\u0131r. Uzmanl\u0131\u011f\u0131n\u0131 Geli\u015fim \u00dcniversitesi Klinik Psikoloji Y\u00fcksek Lisans Program\u0131\u2019nda \u201cObez Bireylerde Problemli Yeme Davran\u0131\u015flar\u0131 ve \u00c7ocukluk \u00c7a\u011f\u0131 Travmalar\u0131 \u0130li\u015fkisinin \u0130ncelenmesi\u201d adl\u0131 tezini sunarak alm\u0131\u015ft\u0131r. \u015eu anda Klinik Psikoloji doktoras\u0131na devam etmektedir. \u00c7al\u0131\u015fmalar\u0131n\u0131 yeti\u015fkin ve ergenlik d\u00f6nemindeki bireylerle Psikodinamik Psikoterapi y\u00f6nelimi ile s\u00fcrd\u00fcrmektedir. Psikoterapi [&hellip;]<\/p>","protected":false},"author":1,"featured_media":0,"parent":0,"menu_order":0,"comment_status":"closed","ping_status":"closed","template":"","meta":{"footnotes":""},"class_list":["post-83","page","type-page","status-publish","hentry"],"_links":{"self":[{"href":"https:\/\/www.dinamikfrekans.com\/en\/wp-json\/wp\/v2\/pages\/83","targetHints":{"allow":["GET"]}}],"collection":[{"href":"https:\/\/www.dinamikfrekans.com\/en\/wp-json\/wp\/v2\/pages"}],"about":[{"href":"https:\/\/www.dinamikfrekans.com\/en\/wp-json\/wp\/v2\/types\/page"}],"author":[{"embeddable":true,"href":"https:\/\/www.dinamikfrekans.com\/en\/wp-json\/wp\/v2\/users\/1"}],"replies":[{"embeddable":true,"href":"https:\/\/www.dinamikfrekans.com\/en\/wp-json\/wp\/v2\/comments?post=83"}],"version-history":[{"count":3,"href":"https:\/\/www.dinamikfrekans.com\/en\/wp-json\/wp\/v2\/pages\/83\/revisions"}],"predecessor-version":[{"id":95,"href":"https:\/\/www.dinamikfrekans.com\/en\/wp-json\/wp\/v2\/pages\/83\/revisions\/95"}],"wp:attachment":[{"href":"https:\/\/www.dinamikfrekans.com\/en\/wp-json\/wp\/v2\/media?parent=83"}],"curies":[{"name":"wp","href":"https:\/\/api.w.org\/{rel}","templated":true}]}}