{"id":57,"date":"2024-01-26T00:22:55","date_gmt":"2024-01-25T21:22:55","guid":{"rendered":"http:\/\/www.dinamikfrekans.com\/?page_id=57"},"modified":"2024-01-27T17:08:39","modified_gmt":"2024-01-27T14:08:39","slug":"bize-dair","status":"publish","type":"page","link":"https:\/\/www.dinamikfrekans.com\/en\/bize-dair\/","title":{"rendered":"About Us"},"content":{"rendered":"<figure class=\"wp-block-image size-large\"><img fetchpriority=\"high\" decoding=\"async\" width=\"1024\" height=\"683\" class=\"wp-image-58\" src=\"http:\/\/www.dinamikfrekans.com\/wp-content\/uploads\/2024\/01\/1-3-1024x683.jpg\" alt=\"\" srcset=\"https:\/\/www.dinamikfrekans.com\/wp-content\/uploads\/2024\/01\/1-3-1024x683.jpg 1024w, https:\/\/www.dinamikfrekans.com\/wp-content\/uploads\/2024\/01\/1-3-300x200.jpg 300w, https:\/\/www.dinamikfrekans.com\/wp-content\/uploads\/2024\/01\/1-3-768x512.jpg 768w, https:\/\/www.dinamikfrekans.com\/wp-content\/uploads\/2024\/01\/1-3-1536x1024.jpg 1536w, https:\/\/www.dinamikfrekans.com\/wp-content\/uploads\/2024\/01\/1-3.jpg 2048w\" sizes=\"(max-width: 1024px) 100vw, 1024px\" \/><\/figure>\r\n\r\n\r\n\r\n<p>Bize Dair b\u00f6l\u00fcm\u00fcn\u00fcn metini bu alana eklenecektir.<\/p>\r\n\r\n\r\n\r\n<p>&nbsp;<\/p>","protected":false},"excerpt":{"rendered":"<p>Bize Dair b\u00f6l\u00fcm\u00fcn\u00fcn metini bu alana eklenecektir. &nbsp;<\/p>","protected":false},"author":1,"featured_media":0,"parent":0,"menu_order":0,"comment_status":"closed","ping_status":"closed","template":"","meta":{"footnotes":""},"class_list":["post-57","page","type-page","status-publish","hentry"],"_links":{"self":[{"href":"https:\/\/www.dinamikfrekans.com\/en\/wp-json\/wp\/v2\/pages\/57","targetHints":{"allow":["GET"]}}],"collection":[{"href":"https:\/\/www.dinamikfrekans.com\/en\/wp-json\/wp\/v2\/pages"}],"about":[{"href":"https:\/\/www.dinamikfrekans.com\/en\/wp-json\/wp\/v2\/types\/page"}],"author":[{"embeddable":true,"href":"https:\/\/www.dinamikfrekans.com\/en\/wp-json\/wp\/v2\/users\/1"}],"replies":[{"embeddable":true,"href":"https:\/\/www.dinamikfrekans.com\/en\/wp-json\/wp\/v2\/comments?post=57"}],"version-history":[{"count":2,"href":"https:\/\/www.dinamikfrekans.com\/en\/wp-json\/wp\/v2\/pages\/57\/revisions"}],"predecessor-version":[{"id":99,"href":"https:\/\/www.dinamikfrekans.com\/en\/wp-json\/wp\/v2\/pages\/57\/revisions\/99"}],"wp:attachment":[{"href":"https:\/\/www.dinamikfrekans.com\/en\/wp-json\/wp\/v2\/media?parent=57"}],"curies":[{"name":"wp","href":"https:\/\/api.w.org\/{rel}","templated":true}]}}